{"id":1028,"date":"2018-01-21T23:10:17","date_gmt":"2018-01-21T22:10:17","guid":{"rendered":"http:\/\/poczuj-miete-do-csr.pl\/index.php\/home\/"},"modified":"2018-01-21T23:10:17","modified_gmt":"2018-01-21T22:10:17","slug":"home","status":"publish","type":"page","link":"https:\/\/poczuj-miete-do-csr.pl\/index.php\/home\/","title":{"rendered":"Home"},"content":{"rendered":"\n<p><a href=\"http:\/\/poczuj-miete-do-csr.pl\/\">WR\u00d3\u0106 DO STRONY G\u0141\u00d3WNEJ<\/a><\/p>\n","protected":false},"excerpt":{"rendered":"<p>WR\u00d3\u0106 DO STRONY G\u0141\u00d3WNEJ<\/p>\n","protected":false},"author":1,"featured_media":0,"parent":0,"menu_order":0,"comment_status":"closed","ping_status":"closed","template":"home-template.php","meta":{"om_disable_all_campaigns":false,"_monsterinsights_skip_tracking":false,"_monsterinsights_sitenote_active":false,"_monsterinsights_sitenote_note":"","_monsterinsights_sitenote_category":0,"_uf_show_specific_survey":0,"_uf_disable_surveys":false,"footnotes":""},"class_list":["post-1028","page","type-page","status-publish","hentry"],"aioseo_notices":[],"_links":{"self":[{"href":"https:\/\/poczuj-miete-do-csr.pl\/index.php\/wp-json\/wp\/v2\/pages\/1028","targetHints":{"allow":["GET"]}}],"collection":[{"href":"https:\/\/poczuj-miete-do-csr.pl\/index.php\/wp-json\/wp\/v2\/pages"}],"about":[{"href":"https:\/\/poczuj-miete-do-csr.pl\/index.php\/wp-json\/wp\/v2\/types\/page"}],"author":[{"embeddable":true,"href":"https:\/\/poczuj-miete-do-csr.pl\/index.php\/wp-json\/wp\/v2\/users\/1"}],"replies":[{"embeddable":true,"href":"https:\/\/poczuj-miete-do-csr.pl\/index.php\/wp-json\/wp\/v2\/comments?post=1028"}],"version-history":[{"count":0,"href":"https:\/\/poczuj-miete-do-csr.pl\/index.php\/wp-json\/wp\/v2\/pages\/1028\/revisions"}],"wp:attachment":[{"href":"https:\/\/poczuj-miete-do-csr.pl\/index.php\/wp-json\/wp\/v2\/media?parent=1028"}],"curies":[{"name":"wp","href":"https:\/\/api.w.org\/{rel}","templated":true}]}}