{"id":1462,"date":"2019-03-26T17:12:15","date_gmt":"2019-03-26T16:12:15","guid":{"rendered":"http:\/\/poczuj-miete-do-csr.pl\/?page_id=1462"},"modified":"2019-03-26T17:12:15","modified_gmt":"2019-03-26T16:12:15","slug":"artykuly-goscinne","status":"publish","type":"page","link":"https:\/\/poczuj-miete-do-csr.pl\/index.php\/artykuly-goscinne\/","title":{"rendered":"Artyku\u0142y go\u015bcinne"},"content":{"rendered":"<p><img loading=\"lazy\" decoding=\"async\" class=\"alignnone size-large wp-image-1490\" src=\"http:\/\/poczuj-miete-do-csr.pl\/wp-content\/uploads\/2019\/03\/john-schnobrich-520023-unsplash-1024x683.jpg\" alt=\"\" width=\"635\" height=\"424\" \/><\/p>\n<p>Przestrze\u0144 dla\u00a0artyku\u0142\u00f3w go\u015bci \ud83d\ude42<\/p>\n<p>W BUDOWIE<\/p>\n<p>&nbsp;<\/p>\n","protected":false},"excerpt":{"rendered":"<p>Przestrze\u0144 dla\u00a0artyku\u0142\u00f3w go\u015bci \ud83d\ude42 W BUDOWIE &nbsp;<\/p>\n","protected":false},"author":1,"featured_media":0,"parent":0,"menu_order":0,"comment_status":"closed","ping_status":"closed","template":"","meta":{"om_disable_all_campaigns":false,"_monsterinsights_skip_tracking":false,"_monsterinsights_sitenote_active":false,"_monsterinsights_sitenote_note":"","_monsterinsights_sitenote_category":0,"_uf_show_specific_survey":0,"_uf_disable_surveys":false,"footnotes":""},"class_list":["post-1462","page","type-page","status-publish","hentry"],"aioseo_notices":[],"_links":{"self":[{"href":"https:\/\/poczuj-miete-do-csr.pl\/index.php\/wp-json\/wp\/v2\/pages\/1462","targetHints":{"allow":["GET"]}}],"collection":[{"href":"https:\/\/poczuj-miete-do-csr.pl\/index.php\/wp-json\/wp\/v2\/pages"}],"about":[{"href":"https:\/\/poczuj-miete-do-csr.pl\/index.php\/wp-json\/wp\/v2\/types\/page"}],"author":[{"embeddable":true,"href":"https:\/\/poczuj-miete-do-csr.pl\/index.php\/wp-json\/wp\/v2\/users\/1"}],"replies":[{"embeddable":true,"href":"https:\/\/poczuj-miete-do-csr.pl\/index.php\/wp-json\/wp\/v2\/comments?post=1462"}],"version-history":[{"count":0,"href":"https:\/\/poczuj-miete-do-csr.pl\/index.php\/wp-json\/wp\/v2\/pages\/1462\/revisions"}],"wp:attachment":[{"href":"https:\/\/poczuj-miete-do-csr.pl\/index.php\/wp-json\/wp\/v2\/media?parent=1462"}],"curies":[{"name":"wp","href":"https:\/\/api.w.org\/{rel}","templated":true}]}}