{"id":1529,"date":"2019-04-06T17:43:25","date_gmt":"2019-04-06T15:43:25","guid":{"rendered":"http:\/\/poczuj-miete-do-csr.pl\/?page_id=1529"},"modified":"2024-08-12T12:02:43","modified_gmt":"2024-08-12T12:02:43","slug":"wspolpraca-2","status":"publish","type":"page","link":"https:\/\/poczuj-miete-do-csr.pl\/index.php\/wspolpraca-2\/","title":{"rendered":"Wsp\u00f3\u0142praca"},"content":{"rendered":"\n<p><strong>WSP\u00d3\u0141PRACA W ZAKRESIE:<\/strong><\/p>\n\n\n\n<ul class=\"wp-block-list\">\n<li>wywiady<\/li>\n\n\n\n<li>artyku\u0142y<\/li>\n\n\n\n<li>publikacja notatek prasowych o akcjach CSR firm na kana\u0142ach: blog i facebookowy profil bloga<\/li>\n\n\n\n<li>pisanie relacji z wydarze\u0144, konferencji<\/li>\n\n\n\n<li>prelekcje dotycz\u0105ce Spo\u0142ecznej Odpowiedzialno\u015bci Biznesu<\/li>\n\n\n\n<li>obejmowanie wydarze\u0144 patronatem<\/li>\n<\/ul>\n\n\n\n<p>ZAPRASZAM DO KONTAKTU<\/p>\n\n\n\n<p><em>Katarzyna Stobiecka<\/em><\/p>\n\n\n\n<figure class=\"wp-block-image size-large is-resized\"><img loading=\"lazy\" decoding=\"async\" width=\"733\" height=\"1024\" src=\"https:\/\/poczuj-miete-do-csr.pl\/wp-content\/uploads\/2024\/08\/248e41bd-e498-42b0-be71-e9f99cb95e06-733x1024.png\" alt=\"\" class=\"wp-image-2435\" style=\"width:243px;height:auto\" srcset=\"https:\/\/poczuj-miete-do-csr.pl\/wp-content\/uploads\/2024\/08\/248e41bd-e498-42b0-be71-e9f99cb95e06-733x1024.png 733w, https:\/\/poczuj-miete-do-csr.pl\/wp-content\/uploads\/2024\/08\/248e41bd-e498-42b0-be71-e9f99cb95e06-215x300.png 215w, https:\/\/poczuj-miete-do-csr.pl\/wp-content\/uploads\/2024\/08\/248e41bd-e498-42b0-be71-e9f99cb95e06-768x1074.png 768w, https:\/\/poczuj-miete-do-csr.pl\/wp-content\/uploads\/2024\/08\/248e41bd-e498-42b0-be71-e9f99cb95e06-1099x1536.png 1099w, https:\/\/poczuj-miete-do-csr.pl\/wp-content\/uploads\/2024\/08\/248e41bd-e498-42b0-be71-e9f99cb95e06-1465x2048.png 1465w, https:\/\/poczuj-miete-do-csr.pl\/wp-content\/uploads\/2024\/08\/248e41bd-e498-42b0-be71-e9f99cb95e06-1140x1594.png 1140w\" sizes=\"auto, (max-width: 733px) 100vw, 733px\" \/><\/figure>\n\n\n\n<p> <strong>email: poczujmietedocsr@gmail.com <\/strong><\/p>\n\n\n\n<p><strong>tel: 502-092-259<\/strong> <\/p>\n\n\n\n<p><a href=\"http:\/\/www.linkedin.com\/in\/ katarzyna-stobiecka-5ba04498\">Linkedin<\/a><\/p>\n\n\n\n<p>&#8211;<\/p>\n\n\n\n<p><\/p>\n","protected":false},"excerpt":{"rendered":"<p>WSP\u00d3\u0141PRACA W ZAKRESIE: ZAPRASZAM DO KONTAKTU Katarzyna Stobiecka email: poczujmietedocsr@gmail.com tel: 502-092-259 Linkedin &#8211;<\/p>\n","protected":false},"author":1,"featured_media":0,"parent":0,"menu_order":0,"comment_status":"closed","ping_status":"closed","template":"","meta":{"om_disable_all_campaigns":false,"_monsterinsights_skip_tracking":false,"_monsterinsights_sitenote_active":false,"_monsterinsights_sitenote_note":"","_monsterinsights_sitenote_category":0,"_uf_show_specific_survey":0,"_uf_disable_surveys":false,"footnotes":""},"class_list":["post-1529","page","type-page","status-publish","hentry"],"aioseo_notices":[],"_links":{"self":[{"href":"https:\/\/poczuj-miete-do-csr.pl\/index.php\/wp-json\/wp\/v2\/pages\/1529","targetHints":{"allow":["GET"]}}],"collection":[{"href":"https:\/\/poczuj-miete-do-csr.pl\/index.php\/wp-json\/wp\/v2\/pages"}],"about":[{"href":"https:\/\/poczuj-miete-do-csr.pl\/index.php\/wp-json\/wp\/v2\/types\/page"}],"author":[{"embeddable":true,"href":"https:\/\/poczuj-miete-do-csr.pl\/index.php\/wp-json\/wp\/v2\/users\/1"}],"replies":[{"embeddable":true,"href":"https:\/\/poczuj-miete-do-csr.pl\/index.php\/wp-json\/wp\/v2\/comments?post=1529"}],"version-history":[{"count":2,"href":"https:\/\/poczuj-miete-do-csr.pl\/index.php\/wp-json\/wp\/v2\/pages\/1529\/revisions"}],"predecessor-version":[{"id":2436,"href":"https:\/\/poczuj-miete-do-csr.pl\/index.php\/wp-json\/wp\/v2\/pages\/1529\/revisions\/2436"}],"wp:attachment":[{"href":"https:\/\/poczuj-miete-do-csr.pl\/index.php\/wp-json\/wp\/v2\/media?parent=1529"}],"curies":[{"name":"wp","href":"https:\/\/api.w.org\/{rel}","templated":true}]}}