{"id":2232,"date":"2021-05-12T10:32:29","date_gmt":"2021-05-12T08:32:29","guid":{"rendered":"https:\/\/poczuj-miete-do-csr.pl\/?page_id=2232"},"modified":"2021-05-12T10:32:29","modified_gmt":"2021-05-12T08:32:29","slug":"praca-w-csr","status":"publish","type":"page","link":"https:\/\/poczuj-miete-do-csr.pl\/index.php\/praca-w-csr\/","title":{"rendered":"Praca w CSR"},"content":{"rendered":"\n<div class=\"wp-block-image\"><figure class=\"aligncenter\"><a href=\"https:\/\/pl.jobsora.com\/\"><img decoding=\"async\" src=\"https:\/\/jubilerzy.info.pl\/files\/images\/5ed0cca3d948b.jpg\" alt=\"pl.Jobsora.com na Jubilerzy.info.pl\"\/><\/a><figcaption>W poszukiwaniu ciekawych CSRowych ofert pracy w swoim czasie przekopywa\u0142am Internet, teraz mo\u017cecie je znale\u017a\u0107 w jednym miejscu. Polecam Jobsora &#8211; znajd\u017a prac\u0119 (w CSR i nie tylko) ju\u017c dzi\u015b \ud83d\ude42<\/figcaption><\/figure><\/div>\n\n\n\n<p class=\"has-text-align-center\"><a href=\"https:\/\/pl.jobsora.com\/praca-csr\">OFERTY PRACY ZWI\u0104ZANEJ Z CSR<\/a><\/p>\n","protected":false},"excerpt":{"rendered":"<p>OFERTY PRACY ZWI\u0104ZANEJ Z CSR<\/p>\n","protected":false},"author":1,"featured_media":2233,"parent":0,"menu_order":0,"comment_status":"closed","ping_status":"closed","template":"","meta":{"om_disable_all_campaigns":false,"_monsterinsights_skip_tracking":false,"_monsterinsights_sitenote_active":false,"_monsterinsights_sitenote_note":"","_monsterinsights_sitenote_category":0,"_uf_show_specific_survey":0,"_uf_disable_surveys":false,"footnotes":""},"class_list":["post-2232","page","type-page","status-publish","has-post-thumbnail","hentry"],"aioseo_notices":[],"_links":{"self":[{"href":"https:\/\/poczuj-miete-do-csr.pl\/index.php\/wp-json\/wp\/v2\/pages\/2232","targetHints":{"allow":["GET"]}}],"collection":[{"href":"https:\/\/poczuj-miete-do-csr.pl\/index.php\/wp-json\/wp\/v2\/pages"}],"about":[{"href":"https:\/\/poczuj-miete-do-csr.pl\/index.php\/wp-json\/wp\/v2\/types\/page"}],"author":[{"embeddable":true,"href":"https:\/\/poczuj-miete-do-csr.pl\/index.php\/wp-json\/wp\/v2\/users\/1"}],"replies":[{"embeddable":true,"href":"https:\/\/poczuj-miete-do-csr.pl\/index.php\/wp-json\/wp\/v2\/comments?post=2232"}],"version-history":[{"count":0,"href":"https:\/\/poczuj-miete-do-csr.pl\/index.php\/wp-json\/wp\/v2\/pages\/2232\/revisions"}],"wp:featuredmedia":[{"embeddable":true,"href":"https:\/\/poczuj-miete-do-csr.pl\/index.php\/wp-json\/"}],"wp:attachment":[{"href":"https:\/\/poczuj-miete-do-csr.pl\/index.php\/wp-json\/wp\/v2\/media?parent=2232"}],"curies":[{"name":"wp","href":"https:\/\/api.w.org\/{rel}","templated":true}]}}