{"id":2544,"date":"2025-12-18T13:52:34","date_gmt":"2025-12-18T13:52:34","guid":{"rendered":"https:\/\/poczuj-miete-do-csr.pl\/?page_id=2544"},"modified":"2025-12-18T15:01:18","modified_gmt":"2025-12-18T15:01:18","slug":"projekt-busola","status":"publish","type":"page","link":"https:\/\/poczuj-miete-do-csr.pl\/index.php\/projekt-busola\/","title":{"rendered":"Projekt Busola"},"content":{"rendered":"\n<p>Od lat wspieram wspania\u0142y program mentoringowy dla kobiet Projekt Busola \ud83d\ude42 <\/p>\n\n\n\n<p>Jako organizatorka wierz\u0119, \u017ce w Projekcie Busola\u00a0dajemy uczestniczkom co\u015b wyj\u0105tkowego. Projekt Busola to co\u015b wi\u0119cej ni\u017c program mentoringowy, uczy jak \u0142\u0105czy\u0107 wa\u017cne obszary \u017cycia ka\u017cdej kobiety:\u00a0prac\u0119, rodzin\u0119 i pasje. Podkre\u015bla istotno\u015b\u0107 relacji nie tylko z innymi, ale i tej z sam\u0105 sob\u0105. Tworzy trwa\u0142e przyja\u017anie i oferuje przestrze\u0144 na wymian\u0119 do\u015bwiadcze\u0144.\u00a0Dzi\u0119ki temu\u00a0projekt\u00a0buduje zaufanie i poczucie wsp\u00f3lnoty, daj\u0105c\u00a0ka\u017cdej uczestniczce poczucie bycia\u00a0cz\u0119\u015bci\u0105 wi\u0119kszej ca\u0142o\u015bci. Cieszymy si\u0119 mog\u0105c wspiera\u0107 uczestniczki w\u00a0procesie rozwoju\u00a0i osi\u0105ganiu w\u0142asnych cel\u00f3w osobistych\u00a0\ud83d\ude42<\/p>\n\n\n\n<figure class=\"wp-block-embed\"><div class=\"wp-block-embed__wrapper\">\nhttps:\/\/projektbusola.com\n<\/div><\/figure>\n\n\n<div class=\"wp-block-image\">\n<figure class=\"aligncenter size-full\"><img loading=\"lazy\" decoding=\"async\" width=\"684\" height=\"684\" src=\"https:\/\/poczuj-miete-do-csr.pl\/wp-content\/uploads\/2025\/12\/292052882_4717243238375961_8254050459440546086_n.png\" alt=\"\" class=\"wp-image-2551\" srcset=\"https:\/\/poczuj-miete-do-csr.pl\/wp-content\/uploads\/2025\/12\/292052882_4717243238375961_8254050459440546086_n.png 684w, https:\/\/poczuj-miete-do-csr.pl\/wp-content\/uploads\/2025\/12\/292052882_4717243238375961_8254050459440546086_n-300x300.png 300w, https:\/\/poczuj-miete-do-csr.pl\/wp-content\/uploads\/2025\/12\/292052882_4717243238375961_8254050459440546086_n-150x150.png 150w, https:\/\/poczuj-miete-do-csr.pl\/wp-content\/uploads\/2025\/12\/292052882_4717243238375961_8254050459440546086_n-75x75.png 75w\" sizes=\"auto, (max-width: 684px) 100vw, 684px\" \/><\/figure>\n<\/div>","protected":false},"excerpt":{"rendered":"<p>Od lat wspieram wspania\u0142y program mentoringowy dla kobiet Projekt Busola \ud83d\ude42 Jako organizatorka wierz\u0119, \u017ce w Projekcie Busola\u00a0dajemy uczestniczkom co\u015b wyj\u0105tkowego. Projekt Busola to co\u015b wi\u0119cej ni\u017c program mentoringowy, uczy jak \u0142\u0105czy\u0107 wa\u017cne obszary \u017cycia ka\u017cdej kobiety:\u00a0prac\u0119, rodzin\u0119 i pasje. Podkre\u015bla istotno\u015b\u0107 relacji nie tylko z innymi, ale i tej z sam\u0105 sob\u0105. Tworzy trwa\u0142e przyja\u017anie i oferuje przestrze\u0144 na wymian\u0119 do\u015bwiadcze\u0144.\u00a0Dzi\u0119ki temu\u00a0projekt\u00a0buduje zaufanie i poczucie wsp\u00f3lnoty, daj\u0105c\u00a0ka\u017cdej uczestniczce poczucie bycia\u00a0cz\u0119\u015bci\u0105 wi\u0119kszej ca\u0142o\u015bci. Cieszymy si\u0119 mog\u0105c wspiera\u0107 uczestniczki w\u00a0procesie rozwoju\u00a0i osi\u0105ganiu w\u0142asnych cel\u00f3w osobistych\u00a0\ud83d\ude42<\/p>\n","protected":false},"author":1,"featured_media":0,"parent":0,"menu_order":0,"comment_status":"closed","ping_status":"closed","template":"","meta":{"om_disable_all_campaigns":false,"_monsterinsights_skip_tracking":false,"_monsterinsights_sitenote_active":false,"_monsterinsights_sitenote_note":"","_monsterinsights_sitenote_category":0,"_uf_show_specific_survey":0,"_uf_disable_surveys":false,"footnotes":""},"class_list":["post-2544","page","type-page","status-publish","hentry"],"aioseo_notices":[],"_links":{"self":[{"href":"https:\/\/poczuj-miete-do-csr.pl\/index.php\/wp-json\/wp\/v2\/pages\/2544","targetHints":{"allow":["GET"]}}],"collection":[{"href":"https:\/\/poczuj-miete-do-csr.pl\/index.php\/wp-json\/wp\/v2\/pages"}],"about":[{"href":"https:\/\/poczuj-miete-do-csr.pl\/index.php\/wp-json\/wp\/v2\/types\/page"}],"author":[{"embeddable":true,"href":"https:\/\/poczuj-miete-do-csr.pl\/index.php\/wp-json\/wp\/v2\/users\/1"}],"replies":[{"embeddable":true,"href":"https:\/\/poczuj-miete-do-csr.pl\/index.php\/wp-json\/wp\/v2\/comments?post=2544"}],"version-history":[{"count":3,"href":"https:\/\/poczuj-miete-do-csr.pl\/index.php\/wp-json\/wp\/v2\/pages\/2544\/revisions"}],"predecessor-version":[{"id":2553,"href":"https:\/\/poczuj-miete-do-csr.pl\/index.php\/wp-json\/wp\/v2\/pages\/2544\/revisions\/2553"}],"wp:attachment":[{"href":"https:\/\/poczuj-miete-do-csr.pl\/index.php\/wp-json\/wp\/v2\/media?parent=2544"}],"curies":[{"name":"wp","href":"https:\/\/api.w.org\/{rel}","templated":true}]}}