{"id":979,"date":"2016-02-27T21:12:48","date_gmt":"2016-02-27T21:12:48","guid":{"rendered":"http:\/\/poczuj-miete-do-csr.blog.pl\/?page_id=2"},"modified":"2016-02-27T21:12:48","modified_gmt":"2016-02-27T21:12:48","slug":"przykladowa-strona","status":"publish","type":"page","link":"https:\/\/poczuj-miete-do-csr.pl\/index.php\/przykladowa-strona\/","title":{"rendered":"Strony o tematyce CSR"},"content":{"rendered":"<p>Poni\u017cej kilka stron, kt\u00f3re regularnie odwiedzam. Zach\u0119cam do zapoznania si\u0119 z szerok\u0105 gam\u0105 artyku\u0142\u00f3w \ud83d\ude42<\/p>\n<p><a href=\"http:\/\/poczuj-miete-do-csr.pl\/wp-content\/uploads\/2016\/02\/Imanuel-Pasaka-small.jpg\"><img loading=\"lazy\" decoding=\"async\" class=\"alignnone size-full wp-image-100\" src=\"http:\/\/poczuj-miete-do-csr.pl\/wp-content\/uploads\/2016\/02\/Imanuel-Pasaka-small.jpg\" alt=\"Imanuel Pasaka small\" width=\"768\" height=\"432\" \/><\/a><\/p>\n<p><a href=\"http:\/\/odpowiedzialnybiznes.pl\/\">http:\/\/odpowiedzialnybiznes.pl\/<\/a><\/p>\n<p><a href=\"http:\/\/www.csrprofit.com\/\">http:\/\/www.csrprofit.com\/<\/a><\/p>\n<p><a href=\"http:\/\/www.csr.pl\/\">http:\/\/www.csr.pl\/<\/a><\/p>\n<p><a href=\"http:\/\/www.responsiblesme.eu\/\">http:\/\/www.responsiblesme.eu\/<\/a><\/p>\n<p><a href=\"https:\/\/www.facebook.com\/biznesnieetyczny\/\">biznesnieetyczny<\/a>\u00a0&#8211;\u00a0<a href=\"http:\/\/magdalenakrukowska.pl\/\">http:\/\/magdalenakrukowska.pl\/<\/a><\/p>\n<p><a href=\"http:\/\/www.goresponsible.pl\/\">http:\/\/www.goresponsible.pl\/<\/a><\/p>\n<p><a href=\"http:\/\/www.kartaroznorodnosci.pl\/\">http:\/\/www.kartaroznorodnosci.pl\/<\/a><\/p>\n<p><a href=\"https:\/\/www.facebook.com\/kupujodpowiedzialnie\/\">https:\/\/www.facebook.com\/kupujodpowiedzialnie\/<\/a><\/p>\n<p><a href=\"http:\/\/www.ngo.pl\/\">http:\/\/www.ngo.pl\/<\/a><\/p>\n<p><a href=\"http:\/\/www.igo.org.pl\/\">http:\/\/www.igo.org.pl\/<\/a><\/p>\n<p><a href=\"http:\/\/www.kampaniespoleczne.pl\/\">http:\/\/www.kampaniespoleczne.pl\/<\/a><\/p>\n<p><a href=\"http:\/\/martaromanow.innpoland.pl\/\">http:\/\/martaromanow.innpoland.pl\/<\/a><\/p>\n<p><a href=\"http:\/\/www.goodplanet.org\/\">http:\/\/www.goodplanet.org\/<\/a><\/p>\n<p><a href=\"http:\/\/www.nienieodpowiedzialni.pl\/\">http:\/\/www.nienieodpowiedzialni.pl\/<\/a><\/p>\n<p><a href=\"http:\/\/blog.diversityhub.pl\/\">http:\/\/blog.diversityhub.pl\/<\/a><\/p>\n<p><a href=\"http:\/\/dudapisze.pl\">http:\/\/dudapisze.pl<\/a><\/p>\n<p><a href=\"http:\/\/lukaszrosicki.pl\/\">http:\/\/lukaszrosicki.pl\/<\/a> &#8211; pojawiaj\u0105 si\u0119 ciekawe artyku\u0142y zwi\u0105zane ze spo\u0142eczn\u0105 odpowiedzialno\u015bci\u0105 biznesu<\/p>\n","protected":false},"excerpt":{"rendered":"<p>Poni\u017cej kilka stron, kt\u00f3re regularnie odwiedzam. Zach\u0119cam do zapoznania si\u0119 z szerok\u0105 gam\u0105 artyku\u0142\u00f3w \ud83d\ude42 http:\/\/odpowiedzialnybiznes.pl\/ http:\/\/www.csrprofit.com\/ http:\/\/www.csr.pl\/ http:\/\/www.responsiblesme.eu\/ biznesnieetyczny\u00a0&#8211;\u00a0http:\/\/magdalenakrukowska.pl\/ http:\/\/www.goresponsible.pl\/ http:\/\/www.kartaroznorodnosci.pl\/ https:\/\/www.facebook.com\/kupujodpowiedzialnie\/ http:\/\/www.ngo.pl\/ http:\/\/www.igo.org.pl\/ http:\/\/www.kampaniespoleczne.pl\/ http:\/\/martaromanow.innpoland.pl\/ http:\/\/www.goodplanet.org\/ http:\/\/www.nienieodpowiedzialni.pl\/ http:\/\/blog.diversityhub.pl\/ http:\/\/dudapisze.pl http:\/\/lukaszrosicki.pl\/ &#8211; pojawiaj\u0105 si\u0119 ciekawe artyku\u0142y zwi\u0105zane ze spo\u0142eczn\u0105 odpowiedzialno\u015bci\u0105 biznesu<\/p>\n","protected":false},"author":1,"featured_media":0,"parent":0,"menu_order":0,"comment_status":"open","ping_status":"open","template":"","meta":{"om_disable_all_campaigns":false,"_monsterinsights_skip_tracking":false,"_monsterinsights_sitenote_active":false,"_monsterinsights_sitenote_note":"","_monsterinsights_sitenote_category":0,"_uf_show_specific_survey":0,"_uf_disable_surveys":false,"footnotes":""},"class_list":["post-979","page","type-page","status-publish","hentry"],"aioseo_notices":[],"_links":{"self":[{"href":"https:\/\/poczuj-miete-do-csr.pl\/index.php\/wp-json\/wp\/v2\/pages\/979","targetHints":{"allow":["GET"]}}],"collection":[{"href":"https:\/\/poczuj-miete-do-csr.pl\/index.php\/wp-json\/wp\/v2\/pages"}],"about":[{"href":"https:\/\/poczuj-miete-do-csr.pl\/index.php\/wp-json\/wp\/v2\/types\/page"}],"author":[{"embeddable":true,"href":"https:\/\/poczuj-miete-do-csr.pl\/index.php\/wp-json\/wp\/v2\/users\/1"}],"replies":[{"embeddable":true,"href":"https:\/\/poczuj-miete-do-csr.pl\/index.php\/wp-json\/wp\/v2\/comments?post=979"}],"version-history":[{"count":0,"href":"https:\/\/poczuj-miete-do-csr.pl\/index.php\/wp-json\/wp\/v2\/pages\/979\/revisions"}],"wp:attachment":[{"href":"https:\/\/poczuj-miete-do-csr.pl\/index.php\/wp-json\/wp\/v2\/media?parent=979"}],"curies":[{"name":"wp","href":"https:\/\/api.w.org\/{rel}","templated":true}]}}